{"id":314,"date":"2024-06-28T17:54:52","date_gmt":"2024-06-28T17:54:52","guid":{"rendered":"https:\/\/hydepakki.fi\/?page_id=314"},"modified":"2024-11-25T16:39:43","modified_gmt":"2024-11-25T16:39:43","slug":"sahkopostilista","status":"publish","type":"page","link":"https:\/\/hydepakki.fi\/en\/sahkopostilista\/","title":{"rendered":"S\u00e4hk\u00f6postilista"},"content":{"rendered":"<div class=\"wp-block-cover alignwide is-light has-custom-color-3-color has-text-color has-link-color has-small-font-size wp-elements-47e50d17a6719631d1add2c829e34af1 wp-duotone-unset-1\" style=\"border-radius:47px;margin-top:0;padding-top:4vw;padding-right:4vw;padding-bottom:4vw;padding-left:4vw;min-height:611px;aspect-ratio:unset;\"><span aria-hidden=\"true\" class=\"wp-block-cover__background has-base-2-background-color has-background-dim-60 has-background-dim\"><\/span><img loading=\"lazy\" decoding=\"async\" width=\"2048\" height=\"1365\" class=\"wp-block-cover__image-background wp-image-317\" alt=\"\" src=\"https:\/\/hydepakki.fi\/wp-content\/uploads\/2024\/06\/IMG_0327-2.jpg\" data-object-fit=\"cover\" srcset=\"https:\/\/hydepakki.fi\/wp-content\/uploads\/2024\/06\/IMG_0327-2.jpg 2048w, https:\/\/hydepakki.fi\/wp-content\/uploads\/2024\/06\/IMG_0327-2-300x200.jpg 300w, https:\/\/hydepakki.fi\/wp-content\/uploads\/2024\/06\/IMG_0327-2-1024x683.jpg 1024w, https:\/\/hydepakki.fi\/wp-content\/uploads\/2024\/06\/IMG_0327-2-768x512.jpg 768w, https:\/\/hydepakki.fi\/wp-content\/uploads\/2024\/06\/IMG_0327-2-1536x1024.jpg 1536w, https:\/\/hydepakki.fi\/wp-content\/uploads\/2024\/06\/IMG_0327-2-18x12.jpg 18w\" sizes=\"auto, (max-width: 2048px) 100vw, 2048px\" \/><div class=\"wp-block-cover__inner-container is-layout-flow wp-block-cover-is-layout-flow\">\n<div class=\"wp-block-group is-layout-flow wp-container-core-group-is-layout-d6743c7d wp-block-group-is-layout-flow\">\n<p class=\"has-text-align-center has-base-2-color has-text-color\" style=\"font-size:clamp(72.137px, 4.509rem + ((1vw - 3.2px) * 9.152), 160px);font-style:normal;font-weight:700;letter-spacing:-2px;line-height:0.9;text-transform:uppercase\">Hydepaki Mailing list<\/p>\n\n\n\n<div style=\"height:48px\" aria-hidden=\"true\" class=\"wp-block-spacer\"><\/div>\n\n\n\n<div class=\"wp-block-buttons is-content-justification-center is-layout-flex wp-container-core-buttons-is-layout-a89b3969 wp-block-buttons-is-layout-flex\">\n<div class=\"wp-block-button has-custom-font-size\" style=\"font-size:clamp(14px, 0.875rem + ((1vw - 3.2px) * 0.625), 20px);font-style:normal;font-weight:700;letter-spacing:1px;text-transform:uppercase\"><a class=\"wp-block-button__link has-base-2-color has-custom-color-4-background-color has-text-color has-background wp-element-button\" href=\"https:\/\/groups.google.com\/a\/hydepakki.fi\/g\/tiedotus\" style=\"padding-top:32px;padding-right:48px;padding-bottom:32px;padding-left:48px\">Join now<\/a><\/div>\n<\/div>\n<\/div>\n<\/div><\/div>\n\n\n\n<p>If you have a Gmal account, join the mailing list usin the button above. Joining is also possible without a Gmail account. Follow the instructions and it will be easy!<\/p>\n\n\n\n<h2 class=\"wp-block-heading\">Option 1<\/h2>\n\n\n\n<p><strong>Link your email to a Google account. <\/strong><\/p>\n\n\n\n<p>You can link any address, such as <em>adventurer@best-email.com<\/em>, either to a whole new Google account, or your existing Goole account<em>. <\/em>In both cases, you can sign into the Google account using your fancy personal email address. Instructions are in the <a href=\"https:\/\/support.google.com\/groups\/answer\/1067205?hl=en\">Google forums<\/a>. Afterwards, click the button above to join. The advantage of this approach is that you can use the Google Groups features, such as history and search.<\/p>\n\n\n\n<h2 class=\"wp-block-heading\">Option 2<\/h2>\n\n\n\n<p><strong>Subscribe directly without using the Google Groups interface.<\/strong><\/p>\n\n\n\n<p>You can subscribe to the Hydepakki mailing list directly using any address by following these instructions carefully. <\/p>\n\n\n\n<ol class=\"wp-block-list\">\n<li>Send an empty email to <a href=\"mailto:tiedotus+subscribe@hydepakki.fi\">tiedotus+subscribe@hydepakki.fi<\/a><\/li>\n\n\n\n<li>You will receive an email asking to confirm your subscription. <strong>Answer the email.<\/strong> Your answer may be empty. In other words, send an empty response<\/li>\n\n\n\n<li>Now you are subscribed to the Hydepakki mailing list<\/li>\n\n\n\n<li>If you want to unsubscribe, send an empty email to <a href=\"mailto:tiedotus+unsubscribe@hydepakki.fi\">tiedotus+unsubscribe@hydepakki.fi<\/a><\/li>\n<\/ol>\n\n\n\n<p>Using this approach, you don't need to interact with Google. Unfortunately, this means that you can't use the Google Groups interface. On the other hand, who needs it, as you can search also using your email client \ud83e\udd37<\/p>","protected":false},"excerpt":{"rendered":"<p>Jos sinulla on Gmail-tili, liity s\u00e4hk\u00f6postilistalle yll\u00e4 olevasta napista. Liittyminen on luonnollisesti mahdollista my\u00f6s ilman Gmail-tili\u00e4. Noudata seuraavia ohjeita niin se onnistuu helposti! Vaihtoehto 1 Linkit\u00e4 s\u00e4hk\u00f6postisi Google-tiliin. Voit yhdist\u00e4\u00e4 haluamasi osoitteen, esimerkiksi seikkailija@paras-posti.fi, joko kokonaan uuteen Google-tiliin, tai sinun jo olemassaolevaan Google-tiliin. Molemmissa tapauksissa voit kirjautua sis\u00e4\u00e4n Google-tilillesi hienolla s\u00e4hk\u00f6postiosoitteellasi. Ohjeet t\u00e4h\u00e4n l\u00f6ytyy Googlen [&hellip;]<\/p>\n","protected":false},"author":1,"featured_media":0,"parent":0,"menu_order":0,"comment_status":"closed","ping_status":"closed","template":"page-no-title","meta":{"footnotes":""},"class_list":["post-314","page","type-page","status-publish","hentry"],"yoast_head":"<!-- This site is optimized with the Yoast SEO plugin v23.9 - https:\/\/yoast.com\/wordpress\/plugins\/seo\/ -->\n<title>S\u00e4hk\u00f6postilista - Hydepakki<\/title>\n<meta name=\"robots\" content=\"index, follow, max-snippet:-1, max-image-preview:large, max-video-preview:-1\" \/>\n<link rel=\"canonical\" href=\"https:\/\/hydepakki.fi\/en\/sahkopostilista\/\" \/>\n<meta property=\"og:locale\" content=\"en_GB\" \/>\n<meta property=\"og:type\" content=\"article\" \/>\n<meta property=\"og:title\" content=\"S\u00e4hk\u00f6postilista - Hydepakki\" \/>\n<meta property=\"og:description\" content=\"Jos sinulla on Gmail-tili, liity s\u00e4hk\u00f6postilistalle yll\u00e4 olevasta napista. Liittyminen on luonnollisesti mahdollista my\u00f6s ilman Gmail-tili\u00e4. Noudata seuraavia ohjeita niin se onnistuu helposti! Vaihtoehto 1 Linkit\u00e4 s\u00e4hk\u00f6postisi Google-tiliin. Voit yhdist\u00e4\u00e4 haluamasi osoitteen, esimerkiksi seikkailija@paras-posti.fi, joko kokonaan uuteen Google-tiliin, tai sinun jo olemassaolevaan Google-tiliin. Molemmissa tapauksissa voit kirjautua sis\u00e4\u00e4n Google-tilillesi hienolla s\u00e4hk\u00f6postiosoitteellasi. Ohjeet t\u00e4h\u00e4n l\u00f6ytyy Googlen [&hellip;]\" \/>\n<meta property=\"og:url\" content=\"https:\/\/hydepakki.fi\/en\/sahkopostilista\/\" \/>\n<meta property=\"og:site_name\" content=\"Hydepakki\" \/>\n<meta property=\"article:modified_time\" content=\"2024-11-25T16:39:43+00:00\" \/>\n<meta property=\"og:image\" content=\"https:\/\/hydepakki.fi\/wp-content\/uploads\/2024\/06\/IMG_0327-2.jpg\" \/>\n\t<meta property=\"og:image:width\" content=\"2048\" \/>\n\t<meta property=\"og:image:height\" content=\"1365\" \/>\n\t<meta property=\"og:image:type\" content=\"image\/jpeg\" \/>\n<meta name=\"twitter:card\" content=\"summary_large_image\" \/>\n<meta name=\"twitter:label1\" content=\"Est. reading time\" \/>\n\t<meta name=\"twitter:data1\" content=\"1 minute\" \/>\n<script type=\"application\/ld+json\" class=\"yoast-schema-graph\">{\"@context\":\"https:\/\/schema.org\",\"@graph\":[{\"@type\":\"WebPage\",\"@id\":\"https:\/\/hydepakki.fi\/sahkopostilista\/\",\"url\":\"https:\/\/hydepakki.fi\/sahkopostilista\/\",\"name\":\"S\u00e4hk\u00f6postilista - Hydepakki\",\"isPartOf\":{\"@id\":\"https:\/\/hydepakki.fi\/#website\"},\"primaryImageOfPage\":{\"@id\":\"https:\/\/hydepakki.fi\/sahkopostilista\/#primaryimage\"},\"image\":{\"@id\":\"https:\/\/hydepakki.fi\/sahkopostilista\/#primaryimage\"},\"thumbnailUrl\":\"https:\/\/hydepakki.fi\/wp-content\/uploads\/2024\/06\/IMG_0327-2.jpg\",\"datePublished\":\"2024-06-28T17:54:52+00:00\",\"dateModified\":\"2024-11-25T16:39:43+00:00\",\"breadcrumb\":{\"@id\":\"https:\/\/hydepakki.fi\/sahkopostilista\/#breadcrumb\"},\"inLanguage\":\"en-GB\",\"potentialAction\":[{\"@type\":\"ReadAction\",\"target\":[\"https:\/\/hydepakki.fi\/sahkopostilista\/\"]}]},{\"@type\":\"ImageObject\",\"inLanguage\":\"en-GB\",\"@id\":\"https:\/\/hydepakki.fi\/sahkopostilista\/#primaryimage\",\"url\":\"https:\/\/hydepakki.fi\/wp-content\/uploads\/2024\/06\/IMG_0327-2.jpg\",\"contentUrl\":\"https:\/\/hydepakki.fi\/wp-content\/uploads\/2024\/06\/IMG_0327-2.jpg\"},{\"@type\":\"BreadcrumbList\",\"@id\":\"https:\/\/hydepakki.fi\/sahkopostilista\/#breadcrumb\",\"itemListElement\":[{\"@type\":\"ListItem\",\"position\":1,\"name\":\"Home\",\"item\":\"https:\/\/hydepakki.fi\/\"},{\"@type\":\"ListItem\",\"position\":2,\"name\":\"S\u00e4hk\u00f6postilista\"}]},{\"@type\":\"WebSite\",\"@id\":\"https:\/\/hydepakki.fi\/#website\",\"url\":\"https:\/\/hydepakki.fi\/\",\"name\":\"Hydepakki\",\"description\":\"Hupia joka s\u00e4\u00e4ss\u00e4\",\"publisher\":{\"@id\":\"https:\/\/hydepakki.fi\/#organization\"},\"potentialAction\":[{\"@type\":\"SearchAction\",\"target\":{\"@type\":\"EntryPoint\",\"urlTemplate\":\"https:\/\/hydepakki.fi\/?s={search_term_string}\"},\"query-input\":{\"@type\":\"PropertyValueSpecification\",\"valueRequired\":true,\"valueName\":\"search_term_string\"}}],\"inLanguage\":\"en-GB\"},{\"@type\":\"Organization\",\"@id\":\"https:\/\/hydepakki.fi\/#organization\",\"name\":\"Hydepakki\",\"url\":\"https:\/\/hydepakki.fi\/\",\"logo\":{\"@type\":\"ImageObject\",\"inLanguage\":\"en-GB\",\"@id\":\"https:\/\/hydepakki.fi\/#\/schema\/logo\/image\/\",\"url\":\"https:\/\/hydepakki.fi\/wp-content\/uploads\/2023\/11\/hydepakki_vari.png\",\"contentUrl\":\"https:\/\/hydepakki.fi\/wp-content\/uploads\/2023\/11\/hydepakki_vari.png\",\"width\":953,\"height\":207,\"caption\":\"Hydepakki\"},\"image\":{\"@id\":\"https:\/\/hydepakki.fi\/#\/schema\/logo\/image\/\"}}]}<\/script>\n<!-- \/ Yoast SEO plugin. -->","yoast_head_json":{"title":"S\u00e4hk\u00f6postilista - Hydepakki","robots":{"index":"index","follow":"follow","max-snippet":"max-snippet:-1","max-image-preview":"max-image-preview:large","max-video-preview":"max-video-preview:-1"},"canonical":"https:\/\/hydepakki.fi\/en\/sahkopostilista\/","og_locale":"en_GB","og_type":"article","og_title":"S\u00e4hk\u00f6postilista - Hydepakki","og_description":"Jos sinulla on Gmail-tili, liity s\u00e4hk\u00f6postilistalle yll\u00e4 olevasta napista. Liittyminen on luonnollisesti mahdollista my\u00f6s ilman Gmail-tili\u00e4. Noudata seuraavia ohjeita niin se onnistuu helposti! Vaihtoehto 1 Linkit\u00e4 s\u00e4hk\u00f6postisi Google-tiliin. Voit yhdist\u00e4\u00e4 haluamasi osoitteen, esimerkiksi seikkailija@paras-posti.fi, joko kokonaan uuteen Google-tiliin, tai sinun jo olemassaolevaan Google-tiliin. Molemmissa tapauksissa voit kirjautua sis\u00e4\u00e4n Google-tilillesi hienolla s\u00e4hk\u00f6postiosoitteellasi. Ohjeet t\u00e4h\u00e4n l\u00f6ytyy Googlen [&hellip;]","og_url":"https:\/\/hydepakki.fi\/en\/sahkopostilista\/","og_site_name":"Hydepakki","article_modified_time":"2024-11-25T16:39:43+00:00","og_image":[{"width":2048,"height":1365,"url":"https:\/\/hydepakki.fi\/wp-content\/uploads\/2024\/06\/IMG_0327-2.jpg","type":"image\/jpeg"}],"twitter_card":"summary_large_image","twitter_misc":{"Est. reading time":"1 minute"},"schema":{"@context":"https:\/\/schema.org","@graph":[{"@type":"WebPage","@id":"https:\/\/hydepakki.fi\/sahkopostilista\/","url":"https:\/\/hydepakki.fi\/sahkopostilista\/","name":"S\u00e4hk\u00f6postilista - Hydepakki","isPartOf":{"@id":"https:\/\/hydepakki.fi\/#website"},"primaryImageOfPage":{"@id":"https:\/\/hydepakki.fi\/sahkopostilista\/#primaryimage"},"image":{"@id":"https:\/\/hydepakki.fi\/sahkopostilista\/#primaryimage"},"thumbnailUrl":"https:\/\/hydepakki.fi\/wp-content\/uploads\/2024\/06\/IMG_0327-2.jpg","datePublished":"2024-06-28T17:54:52+00:00","dateModified":"2024-11-25T16:39:43+00:00","breadcrumb":{"@id":"https:\/\/hydepakki.fi\/sahkopostilista\/#breadcrumb"},"inLanguage":"en-GB","potentialAction":[{"@type":"ReadAction","target":["https:\/\/hydepakki.fi\/sahkopostilista\/"]}]},{"@type":"ImageObject","inLanguage":"en-GB","@id":"https:\/\/hydepakki.fi\/sahkopostilista\/#primaryimage","url":"https:\/\/hydepakki.fi\/wp-content\/uploads\/2024\/06\/IMG_0327-2.jpg","contentUrl":"https:\/\/hydepakki.fi\/wp-content\/uploads\/2024\/06\/IMG_0327-2.jpg"},{"@type":"BreadcrumbList","@id":"https:\/\/hydepakki.fi\/sahkopostilista\/#breadcrumb","itemListElement":[{"@type":"ListItem","position":1,"name":"Home","item":"https:\/\/hydepakki.fi\/"},{"@type":"ListItem","position":2,"name":"S\u00e4hk\u00f6postilista"}]},{"@type":"WebSite","@id":"https:\/\/hydepakki.fi\/#website","url":"https:\/\/hydepakki.fi\/","name":"Hydepakki","description":"Fun in any weather","publisher":{"@id":"https:\/\/hydepakki.fi\/#organization"},"potentialAction":[{"@type":"SearchAction","target":{"@type":"EntryPoint","urlTemplate":"https:\/\/hydepakki.fi\/?s={search_term_string}"},"query-input":{"@type":"PropertyValueSpecification","valueRequired":true,"valueName":"search_term_string"}}],"inLanguage":"en-GB"},{"@type":"Organization","@id":"https:\/\/hydepakki.fi\/#organization","name":"Hydepakki","url":"https:\/\/hydepakki.fi\/","logo":{"@type":"ImageObject","inLanguage":"en-GB","@id":"https:\/\/hydepakki.fi\/#\/schema\/logo\/image\/","url":"https:\/\/hydepakki.fi\/wp-content\/uploads\/2023\/11\/hydepakki_vari.png","contentUrl":"https:\/\/hydepakki.fi\/wp-content\/uploads\/2023\/11\/hydepakki_vari.png","width":953,"height":207,"caption":"Hydepakki"},"image":{"@id":"https:\/\/hydepakki.fi\/#\/schema\/logo\/image\/"}}]}},"_links":{"self":[{"href":"https:\/\/hydepakki.fi\/en\/wp-json\/wp\/v2\/pages\/314","targetHints":{"allow":["GET"]}}],"collection":[{"href":"https:\/\/hydepakki.fi\/en\/wp-json\/wp\/v2\/pages"}],"about":[{"href":"https:\/\/hydepakki.fi\/en\/wp-json\/wp\/v2\/types\/page"}],"author":[{"embeddable":true,"href":"https:\/\/hydepakki.fi\/en\/wp-json\/wp\/v2\/users\/1"}],"replies":[{"embeddable":true,"href":"https:\/\/hydepakki.fi\/en\/wp-json\/wp\/v2\/comments?post=314"}],"version-history":[{"count":6,"href":"https:\/\/hydepakki.fi\/en\/wp-json\/wp\/v2\/pages\/314\/revisions"}],"predecessor-version":[{"id":372,"href":"https:\/\/hydepakki.fi\/en\/wp-json\/wp\/v2\/pages\/314\/revisions\/372"}],"wp:attachment":[{"href":"https:\/\/hydepakki.fi\/en\/wp-json\/wp\/v2\/media?parent=314"}],"curies":[{"name":"wp","href":"https:\/\/api.w.org\/{rel}","templated":true}]}}