{"id":296,"date":"2024-06-27T17:26:52","date_gmt":"2024-06-27T17:26:52","guid":{"rendered":"https:\/\/hydepakki.fi\/?page_id=296"},"modified":"2024-07-02T17:35:34","modified_gmt":"2024-07-02T17:35:34","slug":"yhteystiedot","status":"publish","type":"page","link":"https:\/\/hydepakki.fi\/en\/yhteystiedot\/","title":{"rendered":"Contact info"},"content":{"rendered":"<p>T\u00e4lt\u00e4 sivulta l\u00f6yd\u00e4t viestint\u00e4kanavamme ja hallitusten yhteystiedot. Vastaamme mielell\u00e4mme kaikkiin kysymyksiin!<\/p>","protected":false},"excerpt":{"rendered":"<p>T\u00e4lt\u00e4 sivulta l\u00f6yd\u00e4t viestint\u00e4kanavamme ja hallitusten yhteystiedot. Vastaamme mielell\u00e4mme kaikkiin kysymyksiin!<\/p>","protected":false},"author":1,"featured_media":323,"parent":0,"menu_order":0,"comment_status":"closed","ping_status":"closed","template":"wp-custom-template-page-with-multiple-sections","meta":{"footnotes":""},"class_list":["post-296","page","type-page","status-publish","has-post-thumbnail","hentry"],"yoast_head":"<!-- This site is optimized with the Yoast SEO plugin v23.9 - https:\/\/yoast.com\/wordpress\/plugins\/seo\/ -->\n<title>Yhteystiedot - Hydepakki<\/title>\n<meta name=\"robots\" content=\"index, follow, max-snippet:-1, max-image-preview:large, max-video-preview:-1\" \/>\n<link rel=\"canonical\" href=\"https:\/\/hydepakki.fi\/en\/yhteystiedot\/\" \/>\n<meta property=\"og:locale\" content=\"en_GB\" \/>\n<meta property=\"og:type\" content=\"article\" \/>\n<meta property=\"og:title\" content=\"Yhteystiedot - Hydepakki\" \/>\n<meta property=\"og:description\" content=\"T\u00e4lt\u00e4 sivulta l\u00f6yd\u00e4t viestint\u00e4kanavamme ja hallitusten yhteystiedot. Vastaamme mielell\u00e4mme kaikkiin kysymyksiin!\" \/>\n<meta property=\"og:url\" content=\"https:\/\/hydepakki.fi\/en\/yhteystiedot\/\" \/>\n<meta property=\"og:site_name\" content=\"Hydepakki\" \/>\n<meta property=\"article:modified_time\" content=\"2024-07-02T17:35:34+00:00\" \/>\n<meta property=\"og:image\" content=\"https:\/\/hydepakki.fi\/wp-content\/uploads\/2024\/07\/IMG_0126-scaled.jpg\" \/>\n\t<meta property=\"og:image:width\" content=\"2560\" \/>\n\t<meta property=\"og:image:height\" content=\"1707\" \/>\n\t<meta property=\"og:image:type\" content=\"image\/jpeg\" \/>\n<meta name=\"twitter:card\" content=\"summary_large_image\" \/>\n<meta name=\"twitter:label1\" content=\"Est. reading time\" \/>\n\t<meta name=\"twitter:data1\" content=\"1 minute\" \/>\n<script type=\"application\/ld+json\" class=\"yoast-schema-graph\">{\"@context\":\"https:\/\/schema.org\",\"@graph\":[{\"@type\":\"WebPage\",\"@id\":\"https:\/\/hydepakki.fi\/yhteystiedot\/\",\"url\":\"https:\/\/hydepakki.fi\/yhteystiedot\/\",\"name\":\"Yhteystiedot - Hydepakki\",\"isPartOf\":{\"@id\":\"https:\/\/hydepakki.fi\/#website\"},\"primaryImageOfPage\":{\"@id\":\"https:\/\/hydepakki.fi\/yhteystiedot\/#primaryimage\"},\"image\":{\"@id\":\"https:\/\/hydepakki.fi\/yhteystiedot\/#primaryimage\"},\"thumbnailUrl\":\"https:\/\/hydepakki.fi\/wp-content\/uploads\/2024\/07\/IMG_0126-scaled.jpg\",\"datePublished\":\"2024-06-27T17:26:52+00:00\",\"dateModified\":\"2024-07-02T17:35:34+00:00\",\"breadcrumb\":{\"@id\":\"https:\/\/hydepakki.fi\/yhteystiedot\/#breadcrumb\"},\"inLanguage\":\"en-GB\",\"potentialAction\":[{\"@type\":\"ReadAction\",\"target\":[\"https:\/\/hydepakki.fi\/yhteystiedot\/\"]}]},{\"@type\":\"ImageObject\",\"inLanguage\":\"en-GB\",\"@id\":\"https:\/\/hydepakki.fi\/yhteystiedot\/#primaryimage\",\"url\":\"https:\/\/hydepakki.fi\/wp-content\/uploads\/2024\/07\/IMG_0126-scaled.jpg\",\"contentUrl\":\"https:\/\/hydepakki.fi\/wp-content\/uploads\/2024\/07\/IMG_0126-scaled.jpg\",\"width\":2560,\"height\":1707,\"caption\":\"People paddling in lake P\u00e4ij\u00e4nne\"},{\"@type\":\"BreadcrumbList\",\"@id\":\"https:\/\/hydepakki.fi\/yhteystiedot\/#breadcrumb\",\"itemListElement\":[{\"@type\":\"ListItem\",\"position\":1,\"name\":\"Home\",\"item\":\"https:\/\/hydepakki.fi\/\"},{\"@type\":\"ListItem\",\"position\":2,\"name\":\"Yhteystiedot\"}]},{\"@type\":\"WebSite\",\"@id\":\"https:\/\/hydepakki.fi\/#website\",\"url\":\"https:\/\/hydepakki.fi\/\",\"name\":\"Hydepakki\",\"description\":\"Hupia joka s\u00e4\u00e4ss\u00e4\",\"publisher\":{\"@id\":\"https:\/\/hydepakki.fi\/#organization\"},\"potentialAction\":[{\"@type\":\"SearchAction\",\"target\":{\"@type\":\"EntryPoint\",\"urlTemplate\":\"https:\/\/hydepakki.fi\/?s={search_term_string}\"},\"query-input\":{\"@type\":\"PropertyValueSpecification\",\"valueRequired\":true,\"valueName\":\"search_term_string\"}}],\"inLanguage\":\"en-GB\"},{\"@type\":\"Organization\",\"@id\":\"https:\/\/hydepakki.fi\/#organization\",\"name\":\"Hydepakki\",\"url\":\"https:\/\/hydepakki.fi\/\",\"logo\":{\"@type\":\"ImageObject\",\"inLanguage\":\"en-GB\",\"@id\":\"https:\/\/hydepakki.fi\/#\/schema\/logo\/image\/\",\"url\":\"https:\/\/hydepakki.fi\/wp-content\/uploads\/2023\/11\/hydepakki_vari.png\",\"contentUrl\":\"https:\/\/hydepakki.fi\/wp-content\/uploads\/2023\/11\/hydepakki_vari.png\",\"width\":953,\"height\":207,\"caption\":\"Hydepakki\"},\"image\":{\"@id\":\"https:\/\/hydepakki.fi\/#\/schema\/logo\/image\/\"}}]}<\/script>\n<!-- \/ Yoast SEO plugin. -->","yoast_head_json":{"title":"Yhteystiedot - Hydepakki","robots":{"index":"index","follow":"follow","max-snippet":"max-snippet:-1","max-image-preview":"max-image-preview:large","max-video-preview":"max-video-preview:-1"},"canonical":"https:\/\/hydepakki.fi\/en\/yhteystiedot\/","og_locale":"en_GB","og_type":"article","og_title":"Yhteystiedot - Hydepakki","og_description":"T\u00e4lt\u00e4 sivulta l\u00f6yd\u00e4t viestint\u00e4kanavamme ja hallitusten yhteystiedot. Vastaamme mielell\u00e4mme kaikkiin kysymyksiin!","og_url":"https:\/\/hydepakki.fi\/en\/yhteystiedot\/","og_site_name":"Hydepakki","article_modified_time":"2024-07-02T17:35:34+00:00","og_image":[{"width":2560,"height":1707,"url":"https:\/\/hydepakki.fi\/wp-content\/uploads\/2024\/07\/IMG_0126-scaled.jpg","type":"image\/jpeg"}],"twitter_card":"summary_large_image","twitter_misc":{"Est. reading time":"1 minute"},"schema":{"@context":"https:\/\/schema.org","@graph":[{"@type":"WebPage","@id":"https:\/\/hydepakki.fi\/yhteystiedot\/","url":"https:\/\/hydepakki.fi\/yhteystiedot\/","name":"Yhteystiedot - Hydepakki","isPartOf":{"@id":"https:\/\/hydepakki.fi\/#website"},"primaryImageOfPage":{"@id":"https:\/\/hydepakki.fi\/yhteystiedot\/#primaryimage"},"image":{"@id":"https:\/\/hydepakki.fi\/yhteystiedot\/#primaryimage"},"thumbnailUrl":"https:\/\/hydepakki.fi\/wp-content\/uploads\/2024\/07\/IMG_0126-scaled.jpg","datePublished":"2024-06-27T17:26:52+00:00","dateModified":"2024-07-02T17:35:34+00:00","breadcrumb":{"@id":"https:\/\/hydepakki.fi\/yhteystiedot\/#breadcrumb"},"inLanguage":"en-GB","potentialAction":[{"@type":"ReadAction","target":["https:\/\/hydepakki.fi\/yhteystiedot\/"]}]},{"@type":"ImageObject","inLanguage":"en-GB","@id":"https:\/\/hydepakki.fi\/yhteystiedot\/#primaryimage","url":"https:\/\/hydepakki.fi\/wp-content\/uploads\/2024\/07\/IMG_0126-scaled.jpg","contentUrl":"https:\/\/hydepakki.fi\/wp-content\/uploads\/2024\/07\/IMG_0126-scaled.jpg","width":2560,"height":1707,"caption":"People paddling in lake P\u00e4ij\u00e4nne"},{"@type":"BreadcrumbList","@id":"https:\/\/hydepakki.fi\/yhteystiedot\/#breadcrumb","itemListElement":[{"@type":"ListItem","position":1,"name":"Home","item":"https:\/\/hydepakki.fi\/"},{"@type":"ListItem","position":2,"name":"Yhteystiedot"}]},{"@type":"WebSite","@id":"https:\/\/hydepakki.fi\/#website","url":"https:\/\/hydepakki.fi\/","name":"Hydepakki","description":"Fun in any weather","publisher":{"@id":"https:\/\/hydepakki.fi\/#organization"},"potentialAction":[{"@type":"SearchAction","target":{"@type":"EntryPoint","urlTemplate":"https:\/\/hydepakki.fi\/?s={search_term_string}"},"query-input":{"@type":"PropertyValueSpecification","valueRequired":true,"valueName":"search_term_string"}}],"inLanguage":"en-GB"},{"@type":"Organization","@id":"https:\/\/hydepakki.fi\/#organization","name":"Hydepakki","url":"https:\/\/hydepakki.fi\/","logo":{"@type":"ImageObject","inLanguage":"en-GB","@id":"https:\/\/hydepakki.fi\/#\/schema\/logo\/image\/","url":"https:\/\/hydepakki.fi\/wp-content\/uploads\/2023\/11\/hydepakki_vari.png","contentUrl":"https:\/\/hydepakki.fi\/wp-content\/uploads\/2023\/11\/hydepakki_vari.png","width":953,"height":207,"caption":"Hydepakki"},"image":{"@id":"https:\/\/hydepakki.fi\/#\/schema\/logo\/image\/"}}]}},"_links":{"self":[{"href":"https:\/\/hydepakki.fi\/en\/wp-json\/wp\/v2\/pages\/296","targetHints":{"allow":["GET"]}}],"collection":[{"href":"https:\/\/hydepakki.fi\/en\/wp-json\/wp\/v2\/pages"}],"about":[{"href":"https:\/\/hydepakki.fi\/en\/wp-json\/wp\/v2\/types\/page"}],"author":[{"embeddable":true,"href":"https:\/\/hydepakki.fi\/en\/wp-json\/wp\/v2\/users\/1"}],"replies":[{"embeddable":true,"href":"https:\/\/hydepakki.fi\/en\/wp-json\/wp\/v2\/comments?post=296"}],"version-history":[{"count":1,"href":"https:\/\/hydepakki.fi\/en\/wp-json\/wp\/v2\/pages\/296\/revisions"}],"predecessor-version":[{"id":297,"href":"https:\/\/hydepakki.fi\/en\/wp-json\/wp\/v2\/pages\/296\/revisions\/297"}],"wp:featuredmedia":[{"embeddable":true,"href":"https:\/\/hydepakki.fi\/en\/wp-json\/wp\/v2\/media\/323"}],"wp:attachment":[{"href":"https:\/\/hydepakki.fi\/en\/wp-json\/wp\/v2\/media?parent=296"}],"curies":[{"name":"wp","href":"https:\/\/api.w.org\/{rel}","templated":true}]}}