{"id":2,"date":"2023-11-25T19:33:56","date_gmt":"2023-11-25T19:33:56","guid":{"rendered":"https:\/\/uusi.hydepakki.fi\/?page_id=2"},"modified":"2026-01-08T17:36:45","modified_gmt":"2026-01-08T15:36:45","slug":"jasenyys","status":"publish","type":"page","link":"https:\/\/hydepakki.fi\/en\/jasenyys\/","title":{"rendered":"Membership"},"content":{"rendered":"<p>Become a member by paying the membership fee of 10\u20ac to Hyde or Teepakki bank account. Membership fee is payed annually. For new members, a fee payed in September or later covers also the following year.<\/p>\n\n\n\n<blockquote class=\"wp-block-quote is-layout-flow wp-block-quote-is-layout-flow\">\n<p>Members may participate in overnight trips and rent equipment from Teepakki<\/p>\n<\/blockquote>\n\n\n\n<p><strong>Teepakki (Polyteknikkojen partioklubi Teepakki ry)<\/strong><\/p>\n\n\n\n<p>Aalto University students and other Teepakki-minded can join Teepakki <\/p>\n\n\n\n<p>Become a member by filling\u00a0<a href=\"https:\/\/forms.gle\/jmNRWYJWDK6GLzZ59\">the membership form<\/a>\u00a0and paying 10 euros to Teepakki's account\u00a0FI31 6601 0003 2436 64 (BIC AABAFI22).<\/p>\n\n\n\n<p>The information on the form is collected to comply with Finnish association law and AYY association guidelines and will not be used for marketing purposes. The membership form must be filled annually when paying the membership fee to activate your membership.<\/p>\n\n\n\n<hr class=\"wp-block-separator has-alpha-channel-opacity\"\/>\n\n\n\n<p><strong>Hyde (Helsingin yliopiston partiolaiset ry)<\/strong><\/p>\n\n\n\n<p>University of Helsinki students and other Hyde-minded can join Hyde. <\/p>\n\n\n\n<p>Become a member by filling\u00a0<a href=\"https:\/\/forms.gle\/7ooXPsCvgDy1TdcG9\">the membership form<\/a>\u00a0and paying 10 euros to Hyde's account FI52 1572 3006 1040 46 (BIC NDEAFIHH).<\/p>\n\n\n\n<p>The information on the form is collected based on the member list requirements in Finnish association law and the rules of HYY and will not be used for marketing purposes. The membership form must be filled annually when paying the membership fee to activate your membership.<\/p>\n\n\n\n<hr class=\"wp-block-separator has-alpha-channel-opacity\"\/>\n\n\n\n<p>Remember to join our info channels and group chats to see what is coming. Info about the largest events is also posted on the Events page.<\/p>","protected":false},"excerpt":{"rendered":"<p>Liity j\u00e4seneksi maksamalla j\u00e4senmaksu 10\u20ac joko Hyden tai Teepakin tilille. J\u00e4senmaksu maksetaan kalenterivuosittain. Uusille j\u00e4senille syyskuussa tai my\u00f6hemmin maksetut maksut kattavat my\u00f6s seuraavan vuoden j\u00e4senyyden. J\u00e4senen\u00e4 voit osallistua Teepakin ja Hyden y\u00f6n yli kest\u00e4ville retkille ja vuokrata varusteita Teepakilta Teepakki (Polyteknikkojen partioklubi Teepakki ry) Teepakin j\u00e4seneksi voivat liitty\u00e4 kaikki Aalto-yliopiston opiskelijat ja muut teepakkimieliset. Liity [&hellip;]<\/p>\n","protected":false},"author":1,"featured_media":263,"parent":0,"menu_order":0,"comment_status":"closed","ping_status":"closed","template":"wp-custom-template-j-senyys","meta":{"footnotes":""},"class_list":["post-2","page","type-page","status-publish","has-post-thumbnail","hentry"],"yoast_head":"<!-- This site is optimized with the Yoast SEO plugin v23.9 - https:\/\/yoast.com\/wordpress\/plugins\/seo\/ -->\n<title>J\u00e4senyys - Hydepakki<\/title>\n<meta name=\"robots\" content=\"index, follow, max-snippet:-1, max-image-preview:large, max-video-preview:-1\" \/>\n<link rel=\"canonical\" href=\"https:\/\/hydepakki.fi\/en\/jasenyys\/\" \/>\n<meta property=\"og:locale\" content=\"en_GB\" \/>\n<meta property=\"og:type\" content=\"article\" \/>\n<meta property=\"og:title\" content=\"J\u00e4senyys - Hydepakki\" \/>\n<meta property=\"og:description\" content=\"Liity j\u00e4seneksi maksamalla j\u00e4senmaksu 10\u20ac joko Hyden tai Teepakin tilille. J\u00e4senmaksu maksetaan kalenterivuosittain. Uusille j\u00e4senille syyskuussa tai my\u00f6hemmin maksetut maksut kattavat my\u00f6s seuraavan vuoden j\u00e4senyyden. J\u00e4senen\u00e4 voit osallistua Teepakin ja Hyden y\u00f6n yli kest\u00e4ville retkille ja vuokrata varusteita Teepakilta Teepakki (Polyteknikkojen partioklubi Teepakki ry) Teepakin j\u00e4seneksi voivat liitty\u00e4 kaikki Aalto-yliopiston opiskelijat ja muut teepakkimieliset. Liity [&hellip;]\" \/>\n<meta property=\"og:url\" content=\"https:\/\/hydepakki.fi\/en\/jasenyys\/\" \/>\n<meta property=\"og:site_name\" content=\"Hydepakki\" \/>\n<meta property=\"article:modified_time\" content=\"2026-01-08T15:36:45+00:00\" \/>\n<meta property=\"og:image\" content=\"https:\/\/hydepakki.fi\/wp-content\/uploads\/2024\/05\/IMG_0070.jpg\" \/>\n\t<meta property=\"og:image:width\" content=\"2048\" \/>\n\t<meta property=\"og:image:height\" content=\"1365\" \/>\n\t<meta property=\"og:image:type\" content=\"image\/jpeg\" \/>\n<meta name=\"twitter:card\" content=\"summary_large_image\" \/>\n<meta name=\"twitter:label1\" content=\"Est. reading time\" \/>\n\t<meta name=\"twitter:data1\" content=\"1 minute\" \/>\n<script type=\"application\/ld+json\" class=\"yoast-schema-graph\">{\"@context\":\"https:\/\/schema.org\",\"@graph\":[{\"@type\":\"WebPage\",\"@id\":\"https:\/\/hydepakki.fi\/jasenyys\/\",\"url\":\"https:\/\/hydepakki.fi\/jasenyys\/\",\"name\":\"J\u00e4senyys - Hydepakki\",\"isPartOf\":{\"@id\":\"https:\/\/hydepakki.fi\/#website\"},\"primaryImageOfPage\":{\"@id\":\"https:\/\/hydepakki.fi\/jasenyys\/#primaryimage\"},\"image\":{\"@id\":\"https:\/\/hydepakki.fi\/jasenyys\/#primaryimage\"},\"thumbnailUrl\":\"https:\/\/hydepakki.fi\/wp-content\/uploads\/2024\/05\/IMG_0070.jpg\",\"datePublished\":\"2023-11-25T19:33:56+00:00\",\"dateModified\":\"2026-01-08T15:36:45+00:00\",\"breadcrumb\":{\"@id\":\"https:\/\/hydepakki.fi\/jasenyys\/#breadcrumb\"},\"inLanguage\":\"en-GB\",\"potentialAction\":[{\"@type\":\"ReadAction\",\"target\":[\"https:\/\/hydepakki.fi\/jasenyys\/\"]}]},{\"@type\":\"ImageObject\",\"inLanguage\":\"en-GB\",\"@id\":\"https:\/\/hydepakki.fi\/jasenyys\/#primaryimage\",\"url\":\"https:\/\/hydepakki.fi\/wp-content\/uploads\/2024\/05\/IMG_0070.jpg\",\"contentUrl\":\"https:\/\/hydepakki.fi\/wp-content\/uploads\/2024\/05\/IMG_0070.jpg\",\"width\":2048,\"height\":1365},{\"@type\":\"BreadcrumbList\",\"@id\":\"https:\/\/hydepakki.fi\/jasenyys\/#breadcrumb\",\"itemListElement\":[{\"@type\":\"ListItem\",\"position\":1,\"name\":\"Home\",\"item\":\"https:\/\/hydepakki.fi\/\"},{\"@type\":\"ListItem\",\"position\":2,\"name\":\"J\u00e4senyys\"}]},{\"@type\":\"WebSite\",\"@id\":\"https:\/\/hydepakki.fi\/#website\",\"url\":\"https:\/\/hydepakki.fi\/\",\"name\":\"Hydepakki\",\"description\":\"Hupia joka s\u00e4\u00e4ss\u00e4\",\"publisher\":{\"@id\":\"https:\/\/hydepakki.fi\/#organization\"},\"potentialAction\":[{\"@type\":\"SearchAction\",\"target\":{\"@type\":\"EntryPoint\",\"urlTemplate\":\"https:\/\/hydepakki.fi\/?s={search_term_string}\"},\"query-input\":{\"@type\":\"PropertyValueSpecification\",\"valueRequired\":true,\"valueName\":\"search_term_string\"}}],\"inLanguage\":\"en-GB\"},{\"@type\":\"Organization\",\"@id\":\"https:\/\/hydepakki.fi\/#organization\",\"name\":\"Hydepakki\",\"url\":\"https:\/\/hydepakki.fi\/\",\"logo\":{\"@type\":\"ImageObject\",\"inLanguage\":\"en-GB\",\"@id\":\"https:\/\/hydepakki.fi\/#\/schema\/logo\/image\/\",\"url\":\"https:\/\/hydepakki.fi\/wp-content\/uploads\/2023\/11\/hydepakki_vari.png\",\"contentUrl\":\"https:\/\/hydepakki.fi\/wp-content\/uploads\/2023\/11\/hydepakki_vari.png\",\"width\":953,\"height\":207,\"caption\":\"Hydepakki\"},\"image\":{\"@id\":\"https:\/\/hydepakki.fi\/#\/schema\/logo\/image\/\"}}]}<\/script>\n<!-- \/ Yoast SEO plugin. -->","yoast_head_json":{"title":"J\u00e4senyys - Hydepakki","robots":{"index":"index","follow":"follow","max-snippet":"max-snippet:-1","max-image-preview":"max-image-preview:large","max-video-preview":"max-video-preview:-1"},"canonical":"https:\/\/hydepakki.fi\/en\/jasenyys\/","og_locale":"en_GB","og_type":"article","og_title":"J\u00e4senyys - Hydepakki","og_description":"Liity j\u00e4seneksi maksamalla j\u00e4senmaksu 10\u20ac joko Hyden tai Teepakin tilille. J\u00e4senmaksu maksetaan kalenterivuosittain. Uusille j\u00e4senille syyskuussa tai my\u00f6hemmin maksetut maksut kattavat my\u00f6s seuraavan vuoden j\u00e4senyyden. J\u00e4senen\u00e4 voit osallistua Teepakin ja Hyden y\u00f6n yli kest\u00e4ville retkille ja vuokrata varusteita Teepakilta Teepakki (Polyteknikkojen partioklubi Teepakki ry) Teepakin j\u00e4seneksi voivat liitty\u00e4 kaikki Aalto-yliopiston opiskelijat ja muut teepakkimieliset. Liity [&hellip;]","og_url":"https:\/\/hydepakki.fi\/en\/jasenyys\/","og_site_name":"Hydepakki","article_modified_time":"2026-01-08T15:36:45+00:00","og_image":[{"width":2048,"height":1365,"url":"https:\/\/hydepakki.fi\/wp-content\/uploads\/2024\/05\/IMG_0070.jpg","type":"image\/jpeg"}],"twitter_card":"summary_large_image","twitter_misc":{"Est. reading time":"1 minute"},"schema":{"@context":"https:\/\/schema.org","@graph":[{"@type":"WebPage","@id":"https:\/\/hydepakki.fi\/jasenyys\/","url":"https:\/\/hydepakki.fi\/jasenyys\/","name":"J\u00e4senyys - Hydepakki","isPartOf":{"@id":"https:\/\/hydepakki.fi\/#website"},"primaryImageOfPage":{"@id":"https:\/\/hydepakki.fi\/jasenyys\/#primaryimage"},"image":{"@id":"https:\/\/hydepakki.fi\/jasenyys\/#primaryimage"},"thumbnailUrl":"https:\/\/hydepakki.fi\/wp-content\/uploads\/2024\/05\/IMG_0070.jpg","datePublished":"2023-11-25T19:33:56+00:00","dateModified":"2026-01-08T15:36:45+00:00","breadcrumb":{"@id":"https:\/\/hydepakki.fi\/jasenyys\/#breadcrumb"},"inLanguage":"en-GB","potentialAction":[{"@type":"ReadAction","target":["https:\/\/hydepakki.fi\/jasenyys\/"]}]},{"@type":"ImageObject","inLanguage":"en-GB","@id":"https:\/\/hydepakki.fi\/jasenyys\/#primaryimage","url":"https:\/\/hydepakki.fi\/wp-content\/uploads\/2024\/05\/IMG_0070.jpg","contentUrl":"https:\/\/hydepakki.fi\/wp-content\/uploads\/2024\/05\/IMG_0070.jpg","width":2048,"height":1365},{"@type":"BreadcrumbList","@id":"https:\/\/hydepakki.fi\/jasenyys\/#breadcrumb","itemListElement":[{"@type":"ListItem","position":1,"name":"Home","item":"https:\/\/hydepakki.fi\/"},{"@type":"ListItem","position":2,"name":"J\u00e4senyys"}]},{"@type":"WebSite","@id":"https:\/\/hydepakki.fi\/#website","url":"https:\/\/hydepakki.fi\/","name":"Hydepakki","description":"Fun in any weather","publisher":{"@id":"https:\/\/hydepakki.fi\/#organization"},"potentialAction":[{"@type":"SearchAction","target":{"@type":"EntryPoint","urlTemplate":"https:\/\/hydepakki.fi\/?s={search_term_string}"},"query-input":{"@type":"PropertyValueSpecification","valueRequired":true,"valueName":"search_term_string"}}],"inLanguage":"en-GB"},{"@type":"Organization","@id":"https:\/\/hydepakki.fi\/#organization","name":"Hydepakki","url":"https:\/\/hydepakki.fi\/","logo":{"@type":"ImageObject","inLanguage":"en-GB","@id":"https:\/\/hydepakki.fi\/#\/schema\/logo\/image\/","url":"https:\/\/hydepakki.fi\/wp-content\/uploads\/2023\/11\/hydepakki_vari.png","contentUrl":"https:\/\/hydepakki.fi\/wp-content\/uploads\/2023\/11\/hydepakki_vari.png","width":953,"height":207,"caption":"Hydepakki"},"image":{"@id":"https:\/\/hydepakki.fi\/#\/schema\/logo\/image\/"}}]}},"_links":{"self":[{"href":"https:\/\/hydepakki.fi\/en\/wp-json\/wp\/v2\/pages\/2","targetHints":{"allow":["GET"]}}],"collection":[{"href":"https:\/\/hydepakki.fi\/en\/wp-json\/wp\/v2\/pages"}],"about":[{"href":"https:\/\/hydepakki.fi\/en\/wp-json\/wp\/v2\/types\/page"}],"author":[{"embeddable":true,"href":"https:\/\/hydepakki.fi\/en\/wp-json\/wp\/v2\/users\/1"}],"replies":[{"embeddable":true,"href":"https:\/\/hydepakki.fi\/en\/wp-json\/wp\/v2\/comments?post=2"}],"version-history":[{"count":14,"href":"https:\/\/hydepakki.fi\/en\/wp-json\/wp\/v2\/pages\/2\/revisions"}],"predecessor-version":[{"id":421,"href":"https:\/\/hydepakki.fi\/en\/wp-json\/wp\/v2\/pages\/2\/revisions\/421"}],"wp:featuredmedia":[{"embeddable":true,"href":"https:\/\/hydepakki.fi\/en\/wp-json\/wp\/v2\/media\/263"}],"wp:attachment":[{"href":"https:\/\/hydepakki.fi\/en\/wp-json\/wp\/v2\/media?parent=2"}],"curies":[{"name":"wp","href":"https:\/\/api.w.org\/{rel}","templated":true}]}}