{"id":127,"date":"2023-12-25T13:50:15","date_gmt":"2023-12-25T13:50:15","guid":{"rendered":"https:\/\/uusi.hydepakki.fi\/?page_id=127"},"modified":"2026-05-12T18:48:30","modified_gmt":"2026-05-12T16:48:30","slug":"tapahtumat","status":"publish","type":"page","link":"https:\/\/hydepakki.fi\/en\/tapahtumat\/","title":{"rendered":"Events"},"content":{"rendered":"<p>Hydepakki events are announced via our official communication channels that you can start following from our contact info page. Largest events are also posted to this page. You can add the caledar below to your own digital calendar to keep you posted about future events.<\/p>\n\n\n\n<div class=\"wp-block-buttons is-content-justification-center is-layout-flex wp-container-core-buttons-is-layout-a89b3969 wp-block-buttons-is-layout-flex\">\n<div class=\"wp-block-button\"><a class=\"wp-block-button__link wp-element-button\" href=\"https:\/\/hydepakki.fi\/en\/yhteystiedot\/\">Contact info<\/a><\/div>\n<\/div>","protected":false},"excerpt":{"rendered":"<p>Hydepakki events are announced via our official communication channels that you can start following from our contact info page. Largest events are also posted to this page. You can add the caledar below to your own digital calendar to keep you posted about future events.<\/p>","protected":false},"author":1,"featured_media":128,"parent":0,"menu_order":0,"comment_status":"closed","ping_status":"closed","template":"wp-custom-template-page-about-events","meta":{"footnotes":""},"class_list":["post-127","page","type-page","status-publish","has-post-thumbnail","hentry"],"yoast_head":"<!-- This site is optimized with the Yoast SEO plugin v23.9 - https:\/\/yoast.com\/wordpress\/plugins\/seo\/ -->\n<title>Tapahtumat - Hydepakki<\/title>\n<meta name=\"description\" content=\"Hydepakin tapahtumista tiedotetaan viestint\u00e4kanavissamme. Lis\u00e4ksi t\u00e4ll\u00e4 sivulla ilmoitetaan suurimmista tapahtumistamme.\" \/>\n<meta name=\"robots\" content=\"index, follow, max-snippet:-1, max-image-preview:large, max-video-preview:-1\" \/>\n<link rel=\"canonical\" href=\"https:\/\/hydepakki.fi\/en\/tapahtumat\/\" \/>\n<meta property=\"og:locale\" content=\"en_GB\" \/>\n<meta property=\"og:type\" content=\"article\" \/>\n<meta property=\"og:title\" content=\"Tapahtumat - Hydepakki\" \/>\n<meta property=\"og:description\" content=\"Hydepakin tapahtumista tiedotetaan viestint\u00e4kanavissamme. Lis\u00e4ksi t\u00e4ll\u00e4 sivulla ilmoitetaan suurimmista tapahtumistamme.\" \/>\n<meta property=\"og:url\" content=\"https:\/\/hydepakki.fi\/en\/tapahtumat\/\" \/>\n<meta property=\"og:site_name\" content=\"Hydepakki\" \/>\n<meta property=\"article:modified_time\" content=\"2026-05-12T16:48:30+00:00\" \/>\n<meta property=\"og:image\" content=\"https:\/\/hydepakki.fi\/wp-content\/uploads\/2023\/12\/IMG_0004-scaled.jpg\" \/>\n\t<meta property=\"og:image:width\" content=\"2560\" \/>\n\t<meta property=\"og:image:height\" content=\"1707\" \/>\n\t<meta property=\"og:image:type\" content=\"image\/jpeg\" \/>\n<meta name=\"twitter:card\" content=\"summary_large_image\" \/>\n<meta name=\"twitter:label1\" content=\"Est. reading time\" \/>\n\t<meta name=\"twitter:data1\" content=\"1 minute\" \/>\n<script type=\"application\/ld+json\" class=\"yoast-schema-graph\">{\"@context\":\"https:\/\/schema.org\",\"@graph\":[{\"@type\":\"WebPage\",\"@id\":\"https:\/\/hydepakki.fi\/tapahtumat\/\",\"url\":\"https:\/\/hydepakki.fi\/tapahtumat\/\",\"name\":\"Tapahtumat - Hydepakki\",\"isPartOf\":{\"@id\":\"https:\/\/hydepakki.fi\/#website\"},\"primaryImageOfPage\":{\"@id\":\"https:\/\/hydepakki.fi\/tapahtumat\/#primaryimage\"},\"image\":{\"@id\":\"https:\/\/hydepakki.fi\/tapahtumat\/#primaryimage\"},\"thumbnailUrl\":\"https:\/\/hydepakki.fi\/wp-content\/uploads\/2023\/12\/IMG_0004-scaled.jpg\",\"datePublished\":\"2023-12-25T13:50:15+00:00\",\"dateModified\":\"2026-05-12T16:48:30+00:00\",\"description\":\"Hydepakin tapahtumista tiedotetaan viestint\u00e4kanavissamme. Lis\u00e4ksi t\u00e4ll\u00e4 sivulla ilmoitetaan suurimmista tapahtumistamme.\",\"breadcrumb\":{\"@id\":\"https:\/\/hydepakki.fi\/tapahtumat\/#breadcrumb\"},\"inLanguage\":\"en-GB\",\"potentialAction\":[{\"@type\":\"ReadAction\",\"target\":[\"https:\/\/hydepakki.fi\/tapahtumat\/\"]}]},{\"@type\":\"ImageObject\",\"inLanguage\":\"en-GB\",\"@id\":\"https:\/\/hydepakki.fi\/tapahtumat\/#primaryimage\",\"url\":\"https:\/\/hydepakki.fi\/wp-content\/uploads\/2023\/12\/IMG_0004-scaled.jpg\",\"contentUrl\":\"https:\/\/hydepakki.fi\/wp-content\/uploads\/2023\/12\/IMG_0004-scaled.jpg\",\"width\":2560,\"height\":1707},{\"@type\":\"BreadcrumbList\",\"@id\":\"https:\/\/hydepakki.fi\/tapahtumat\/#breadcrumb\",\"itemListElement\":[{\"@type\":\"ListItem\",\"position\":1,\"name\":\"Home\",\"item\":\"https:\/\/hydepakki.fi\/\"},{\"@type\":\"ListItem\",\"position\":2,\"name\":\"Tapahtumat\"}]},{\"@type\":\"WebSite\",\"@id\":\"https:\/\/hydepakki.fi\/#website\",\"url\":\"https:\/\/hydepakki.fi\/\",\"name\":\"Hydepakki\",\"description\":\"Hupia joka s\u00e4\u00e4ss\u00e4\",\"publisher\":{\"@id\":\"https:\/\/hydepakki.fi\/#organization\"},\"potentialAction\":[{\"@type\":\"SearchAction\",\"target\":{\"@type\":\"EntryPoint\",\"urlTemplate\":\"https:\/\/hydepakki.fi\/?s={search_term_string}\"},\"query-input\":{\"@type\":\"PropertyValueSpecification\",\"valueRequired\":true,\"valueName\":\"search_term_string\"}}],\"inLanguage\":\"en-GB\"},{\"@type\":\"Organization\",\"@id\":\"https:\/\/hydepakki.fi\/#organization\",\"name\":\"Hydepakki\",\"url\":\"https:\/\/hydepakki.fi\/\",\"logo\":{\"@type\":\"ImageObject\",\"inLanguage\":\"en-GB\",\"@id\":\"https:\/\/hydepakki.fi\/#\/schema\/logo\/image\/\",\"url\":\"https:\/\/hydepakki.fi\/wp-content\/uploads\/2023\/11\/hydepakki_vari.png\",\"contentUrl\":\"https:\/\/hydepakki.fi\/wp-content\/uploads\/2023\/11\/hydepakki_vari.png\",\"width\":953,\"height\":207,\"caption\":\"Hydepakki\"},\"image\":{\"@id\":\"https:\/\/hydepakki.fi\/#\/schema\/logo\/image\/\"}}]}<\/script>\n<!-- \/ Yoast SEO plugin. -->","yoast_head_json":{"title":"Tapahtumat - Hydepakki","description":"Hydepakin tapahtumista tiedotetaan viestint\u00e4kanavissamme. Lis\u00e4ksi t\u00e4ll\u00e4 sivulla ilmoitetaan suurimmista tapahtumistamme.","robots":{"index":"index","follow":"follow","max-snippet":"max-snippet:-1","max-image-preview":"max-image-preview:large","max-video-preview":"max-video-preview:-1"},"canonical":"https:\/\/hydepakki.fi\/en\/tapahtumat\/","og_locale":"en_GB","og_type":"article","og_title":"Tapahtumat - Hydepakki","og_description":"Hydepakin tapahtumista tiedotetaan viestint\u00e4kanavissamme. Lis\u00e4ksi t\u00e4ll\u00e4 sivulla ilmoitetaan suurimmista tapahtumistamme.","og_url":"https:\/\/hydepakki.fi\/en\/tapahtumat\/","og_site_name":"Hydepakki","article_modified_time":"2026-05-12T16:48:30+00:00","og_image":[{"width":2560,"height":1707,"url":"https:\/\/hydepakki.fi\/wp-content\/uploads\/2023\/12\/IMG_0004-scaled.jpg","type":"image\/jpeg"}],"twitter_card":"summary_large_image","twitter_misc":{"Est. reading time":"1 minute"},"schema":{"@context":"https:\/\/schema.org","@graph":[{"@type":"WebPage","@id":"https:\/\/hydepakki.fi\/tapahtumat\/","url":"https:\/\/hydepakki.fi\/tapahtumat\/","name":"Tapahtumat - Hydepakki","isPartOf":{"@id":"https:\/\/hydepakki.fi\/#website"},"primaryImageOfPage":{"@id":"https:\/\/hydepakki.fi\/tapahtumat\/#primaryimage"},"image":{"@id":"https:\/\/hydepakki.fi\/tapahtumat\/#primaryimage"},"thumbnailUrl":"https:\/\/hydepakki.fi\/wp-content\/uploads\/2023\/12\/IMG_0004-scaled.jpg","datePublished":"2023-12-25T13:50:15+00:00","dateModified":"2026-05-12T16:48:30+00:00","description":"Hydepakin tapahtumista tiedotetaan viestint\u00e4kanavissamme. Lis\u00e4ksi t\u00e4ll\u00e4 sivulla ilmoitetaan suurimmista tapahtumistamme.","breadcrumb":{"@id":"https:\/\/hydepakki.fi\/tapahtumat\/#breadcrumb"},"inLanguage":"en-GB","potentialAction":[{"@type":"ReadAction","target":["https:\/\/hydepakki.fi\/tapahtumat\/"]}]},{"@type":"ImageObject","inLanguage":"en-GB","@id":"https:\/\/hydepakki.fi\/tapahtumat\/#primaryimage","url":"https:\/\/hydepakki.fi\/wp-content\/uploads\/2023\/12\/IMG_0004-scaled.jpg","contentUrl":"https:\/\/hydepakki.fi\/wp-content\/uploads\/2023\/12\/IMG_0004-scaled.jpg","width":2560,"height":1707},{"@type":"BreadcrumbList","@id":"https:\/\/hydepakki.fi\/tapahtumat\/#breadcrumb","itemListElement":[{"@type":"ListItem","position":1,"name":"Home","item":"https:\/\/hydepakki.fi\/"},{"@type":"ListItem","position":2,"name":"Tapahtumat"}]},{"@type":"WebSite","@id":"https:\/\/hydepakki.fi\/#website","url":"https:\/\/hydepakki.fi\/","name":"Hydepakki","description":"Fun in any weather","publisher":{"@id":"https:\/\/hydepakki.fi\/#organization"},"potentialAction":[{"@type":"SearchAction","target":{"@type":"EntryPoint","urlTemplate":"https:\/\/hydepakki.fi\/?s={search_term_string}"},"query-input":{"@type":"PropertyValueSpecification","valueRequired":true,"valueName":"search_term_string"}}],"inLanguage":"en-GB"},{"@type":"Organization","@id":"https:\/\/hydepakki.fi\/#organization","name":"Hydepakki","url":"https:\/\/hydepakki.fi\/","logo":{"@type":"ImageObject","inLanguage":"en-GB","@id":"https:\/\/hydepakki.fi\/#\/schema\/logo\/image\/","url":"https:\/\/hydepakki.fi\/wp-content\/uploads\/2023\/11\/hydepakki_vari.png","contentUrl":"https:\/\/hydepakki.fi\/wp-content\/uploads\/2023\/11\/hydepakki_vari.png","width":953,"height":207,"caption":"Hydepakki"},"image":{"@id":"https:\/\/hydepakki.fi\/#\/schema\/logo\/image\/"}}]}},"_links":{"self":[{"href":"https:\/\/hydepakki.fi\/en\/wp-json\/wp\/v2\/pages\/127","targetHints":{"allow":["GET"]}}],"collection":[{"href":"https:\/\/hydepakki.fi\/en\/wp-json\/wp\/v2\/pages"}],"about":[{"href":"https:\/\/hydepakki.fi\/en\/wp-json\/wp\/v2\/types\/page"}],"author":[{"embeddable":true,"href":"https:\/\/hydepakki.fi\/en\/wp-json\/wp\/v2\/users\/1"}],"replies":[{"embeddable":true,"href":"https:\/\/hydepakki.fi\/en\/wp-json\/wp\/v2\/comments?post=127"}],"version-history":[{"count":8,"href":"https:\/\/hydepakki.fi\/en\/wp-json\/wp\/v2\/pages\/127\/revisions"}],"predecessor-version":[{"id":284,"href":"https:\/\/hydepakki.fi\/en\/wp-json\/wp\/v2\/pages\/127\/revisions\/284"}],"wp:featuredmedia":[{"embeddable":true,"href":"https:\/\/hydepakki.fi\/en\/wp-json\/wp\/v2\/media\/128"}],"wp:attachment":[{"href":"https:\/\/hydepakki.fi\/en\/wp-json\/wp\/v2\/media?parent=127"}],"curies":[{"name":"wp","href":"https:\/\/api.w.org\/{rel}","templated":true}]}}